{"id":40,"date":"2011-09-16T12:16:07","date_gmt":"2011-09-16T12:16:07","guid":{"rendered":"http:\/\/www.reitanlage-oeberau.de\/reitstall\/wordpress\/?page_id=40"},"modified":"2019-06-14T08:45:07","modified_gmt":"2019-06-14T08:45:07","slug":"zucht","status":"publish","type":"page","link":"http:\/\/www.reitanlage-oeberau.de\/?page_id=40","title":{"rendered":"Zucht"},"content":{"rendered":"<p>Wir vertreten den Grundsatz, dass nur ein artgerecht aufgezogenes und gehaltenes Pferd Gesundheit und Leistungsbereitschaft verspricht. Es ist selbstverst\u00e4ndlich, dass unsere Pferde und Ponys in Herdenverb\u00e4nden mit t\u00e4glichem Auslauf aufwachsen.<\/p>\n<p>Unsere Reitpferdezucht geht zur\u00fcck auf unseren Westfalen Hengst Experte von Exponent a.d. Finette von Firn. Inzwischen ist die dritte Generation am Start und bereitet ihren Besitzern viel Freude!<\/p>\n<h2>Deckhengste<\/h2>\n<p style=\"text-align: center;\"><strong>\u00d6berau`s Rubinio<\/strong><br \/>\nDeutsches Reitpony geb. 2009 V:Beka`s Rubin; MV:Hewid Lyn<\/p>\n<p style=\"text-align: center;\">Das bayerische Zuchtmagazin des Landesverbandes<br \/>\nBayrischer Pferdez\u00fcchter e.V. schrieb \u00fcber ihn:<\/p>\n<p style=\"text-align: center;\">&#8222;Den dritten Platz belegte mit 8,0 der Deutsche Reitponyhengst \u00d6berau`s Rubinio v. Beka`s Rubin \/ Hewid Lyn, gezogen und im Besitz von Angelika Emmerdinger aus Straubing. Der Fuchsschimmel wusste nicht nur mit seiner absolut postiven Arbeitseinstellung, sondern insbesondere mit seiner herrausragenden Springanlage beim Freispringen, im Parcours und im Gel\u00e4nde zu \u00fcberzeugen. Sechmal die 9,0 und im Freispringen sogar 9,5 waren der Lohn in diesen Teilbereichen der Pr\u00fcfung.&#8220;<\/p>\n<div id=\"attachment_598\" style=\"width: 310px\" class=\"wp-caption aligncenter\"><a href=\"http:\/\/www.reitanlage-oeberau.de\/reitstall\/wordpress\/wp-content\/uploads\/2011\/09\/\u00d6berau-Rubinio2.jpg\"><img aria-describedby=\"caption-attachment-598\" loading=\"lazy\" class=\"wp-image-598 size-medium colorbox-40\" src=\"http:\/\/www.reitanlage-oeberau.de\/reitstall\/wordpress\/wp-content\/uploads\/2011\/09\/\u00d6berau-Rubinio2-300x200.jpg\" width=\"300\" height=\"200\" srcset=\"http:\/\/www.reitanlage-oeberau.de\/reitstall\/wordpress\/wp-content\/uploads\/2011\/09\/\u00d6berau-Rubinio2-300x200.jpg 300w, http:\/\/www.reitanlage-oeberau.de\/reitstall\/wordpress\/wp-content\/uploads\/2011\/09\/\u00d6berau-Rubinio2-768x512.jpg 768w, http:\/\/www.reitanlage-oeberau.de\/reitstall\/wordpress\/wp-content\/uploads\/2011\/09\/\u00d6berau-Rubinio2.jpg 960w\" sizes=\"(max-width: 300px) 100vw, 300px\" \/><\/a><p id=\"caption-attachment-598\" class=\"wp-caption-text\">Hengstleistungspr\u00fcfung 2014 Wertnote: 8,0<\/p><\/div>\n<p><strong><a href=\"http:\/\/www.reitanlage-oeberau.de\/reitstall\/wordpress\/wp-content\/uploads\/2012\/11\/IMG_1606.jpg\"><img loading=\"lazy\" class=\"size-medium wp-image-455 alignright colorbox-40\" title=\"Rubinio beim Springen\" src=\"http:\/\/www.reitanlage-oeberau.de\/reitstall\/wordpress\/wp-content\/uploads\/2012\/11\/IMG_1606-300x200.jpg\" alt=\"\" width=\"300\" height=\"200\" srcset=\"http:\/\/www.reitanlage-oeberau.de\/reitstall\/wordpress\/wp-content\/uploads\/2012\/11\/IMG_1606-300x200.jpg 300w, http:\/\/www.reitanlage-oeberau.de\/reitstall\/wordpress\/wp-content\/uploads\/2012\/11\/IMG_1606.jpg 1000w\" sizes=\"(max-width: 300px) 100vw, 300px\" \/><\/a><a href=\"http:\/\/www.reitanlage-oeberau.de\/reitstall\/wordpress\/wp-content\/uploads\/2012\/11\/rubit-1.jpg\"><img loading=\"lazy\" class=\"wp-image-459 alignleft colorbox-40\" title=\"ohne Worte\" src=\"http:\/\/www.reitanlage-oeberau.de\/reitstall\/wordpress\/wp-content\/uploads\/2012\/11\/rubit-1-192x300.jpg\" alt=\"\" width=\"192\" height=\"300\" srcset=\"http:\/\/www.reitanlage-oeberau.de\/reitstall\/wordpress\/wp-content\/uploads\/2012\/11\/rubit-1-192x300.jpg 192w, http:\/\/www.reitanlage-oeberau.de\/reitstall\/wordpress\/wp-content\/uploads\/2012\/11\/rubit-1.jpg 513w\" sizes=\"(max-width: 192px) 100vw, 192px\" \/><\/a><\/strong><\/p>\n<p>&nbsp;<\/p>\n<p>&nbsp;<\/p>\n<p>&nbsp;<\/p>\n<p style=\"text-align: center;\"><a href=\"http:\/\/www.reitanlage-oeberau.de\/reitstall\/wordpress\/wp-content\/uploads\/2012\/11\/IMG_1646.jpg\"><img loading=\"lazy\" class=\"aligncenter wp-image-457 colorbox-40\" title=\"IMG_1646\" src=\"http:\/\/www.reitanlage-oeberau.de\/reitstall\/wordpress\/wp-content\/uploads\/2012\/11\/IMG_1646-300x200.jpg\" alt=\"\" width=\"300\" height=\"200\" srcset=\"http:\/\/www.reitanlage-oeberau.de\/reitstall\/wordpress\/wp-content\/uploads\/2012\/11\/IMG_1646-300x200.jpg 300w, http:\/\/www.reitanlage-oeberau.de\/reitstall\/wordpress\/wp-content\/uploads\/2012\/11\/IMG_1646.jpg 800w\" sizes=\"(max-width: 300px) 100vw, 300px\" \/><\/a><\/p>\n<p style=\"text-align: center;\"><strong>Polhaar&#8217;s Golden Glory<\/strong><br \/>\n<a href=\"http:\/\/www.reitanlage-oeberau.de\/reitstall\/wordpress\/wp-content\/uploads\/2011\/09\/Goldi1.jpg\"><img class=\"colorbox-40\"  loading=\"lazy\" title=\"Goldi\" src=\"http:\/\/www.reitanlage-oeberau.de\/reitstall\/wordpress\/wp-content\/uploads\/2011\/09\/Goldi1-300x225.jpg\" alt=\"\" width=\"300\" height=\"225\"><\/a><br \/>\nWelsh mountain pony<br \/>\nFRIARS BANTAM x POLHAAR`S &#8222;G&#8220; ARDENIA (<a href=\"http:\/\/paardenweegschaal.nl.mint.alphamegahosting.com\/ubbo.htm\">BOREAS UBBO<\/a> x MIJNSHERENWEGEN`S GILBERT<br \/>\nGoldis erster Nachkomme <a title=\"Fohlen 2008\" href=\"http:\/\/www.reitanlage-oeberau.de\/?page_id=50\">\u00d6berau`s Golden Joy<\/a> \u00fcberzeugte auf ganzer Linie.<\/p>\n<h2>Zuchtstuten<\/h2>\n<p style=\"text-align: center;\"><strong>Emilia Romagna<\/strong><br \/>\n<a href=\"http:\/\/www.reitanlage-oeberau.de\/reitstall\/wordpress\/wp-content\/uploads\/2011\/09\/Emilia2.jpg\"><img loading=\"lazy\" class=\"aligncenter size-medium wp-image-284 colorbox-40\" title=\"Emilia\" src=\"http:\/\/www.reitanlage-oeberau.de\/reitstall\/wordpress\/wp-content\/uploads\/2011\/09\/Emilia2-300x200.jpg\" alt=\"\" width=\"300\" height=\"200\" srcset=\"http:\/\/www.reitanlage-oeberau.de\/reitstall\/wordpress\/wp-content\/uploads\/2011\/09\/Emilia2-300x200.jpg 300w, http:\/\/www.reitanlage-oeberau.de\/reitstall\/wordpress\/wp-content\/uploads\/2011\/09\/Emilia2.jpg 600w\" sizes=\"(max-width: 300px) 100vw, 300px\" \/><\/a>Bay. Warmblut<br \/>\n<a title=\"F\u00fcrst\" href=\"http:\/\/www.paardenfokken.nl\/pedigree.php?horseid=522390\">F\u00dcRST SCHEURENHOF<\/a> x EVITA PERON (<a href=\"http:\/\/www.paardenfokken.nl\/pedigree.php?horseid=272689\">EXPERTE<\/a> x <a href=\"http:\/\/www.paardenfokken.nl\/pedigree.php?horseid=17954\">TIRO<\/a>)<\/p>\n<p>&nbsp;<\/p>\n<p style=\"text-align: center;\"><strong>\u00d6beraus Shamrock<\/strong><br \/>\n<a href=\"http:\/\/www.reitanlage-oeberau.de\/reitstall\/wordpress\/wp-content\/uploads\/2011\/09\/shamrock1.jpg\"><img loading=\"lazy\" class=\"aligncenter size-medium wp-image-115 colorbox-40\" title=\"shamrock1\" src=\"http:\/\/www.reitanlage-oeberau.de\/reitstall\/wordpress\/wp-content\/uploads\/2011\/09\/shamrock1-300x196.jpg\" alt=\"\" width=\"300\" height=\"196\" srcset=\"http:\/\/www.reitanlage-oeberau.de\/reitstall\/wordpress\/wp-content\/uploads\/2011\/09\/shamrock1-300x196.jpg 300w, http:\/\/www.reitanlage-oeberau.de\/reitstall\/wordpress\/wp-content\/uploads\/2011\/09\/shamrock1.jpg 800w\" sizes=\"(max-width: 300px) 100vw, 300px\" \/><\/a> Deutsche Reitponystute, (stk.146)<br \/>\nHEWID LYN x SHERA (SEMERCH OX x HAMAD OX)<br \/>\nShamrock hat in der Stutenleistungspr\u00fcfung eine 8,0 im Fremdreitertest und eine 7,5 in der Rittigkeit erhalten<\/p>\n<p>&nbsp;<\/p>\n","protected":false},"excerpt":{"rendered":"<p>Wir vertreten den Grundsatz, dass nur ein artgerecht aufgezogenes und gehaltenes Pferd Gesundheit und Leistungsbereitschaft verspricht. Es ist selbstverst\u00e4ndlich, dass unsere Pferde und Ponys in Herdenverb\u00e4nden mit t\u00e4glichem Auslauf aufwachsen. Unsere Reitpferdezucht geht zur\u00fcck auf unseren Westfalen Hengst Experte von &hellip; <a href=\"http:\/\/www.reitanlage-oeberau.de\/?page_id=40\">Lesen Sie mehr&#8230;&#8230;<span class=\"meta-nav\">&rarr;<\/span><\/a><\/p>\n","protected":false},"author":1,"featured_media":0,"parent":0,"menu_order":0,"comment_status":"closed","ping_status":"open","template":"","meta":[],"_links":{"self":[{"href":"http:\/\/www.reitanlage-oeberau.de\/index.php?rest_route=\/wp\/v2\/pages\/40"}],"collection":[{"href":"http:\/\/www.reitanlage-oeberau.de\/index.php?rest_route=\/wp\/v2\/pages"}],"about":[{"href":"http:\/\/www.reitanlage-oeberau.de\/index.php?rest_route=\/wp\/v2\/types\/page"}],"author":[{"embeddable":true,"href":"http:\/\/www.reitanlage-oeberau.de\/index.php?rest_route=\/wp\/v2\/users\/1"}],"replies":[{"embeddable":true,"href":"http:\/\/www.reitanlage-oeberau.de\/index.php?rest_route=%2Fwp%2Fv2%2Fcomments&post=40"}],"version-history":[{"count":132,"href":"http:\/\/www.reitanlage-oeberau.de\/index.php?rest_route=\/wp\/v2\/pages\/40\/revisions"}],"predecessor-version":[{"id":675,"href":"http:\/\/www.reitanlage-oeberau.de\/index.php?rest_route=\/wp\/v2\/pages\/40\/revisions\/675"}],"wp:attachment":[{"href":"http:\/\/www.reitanlage-oeberau.de\/index.php?rest_route=%2Fwp%2Fv2%2Fmedia&parent=40"}],"curies":[{"name":"wp","href":"https:\/\/api.w.org\/{rel}","templated":true}]}}