{"id":50,"date":"2011-09-16T12:23:03","date_gmt":"2011-09-16T12:23:03","guid":{"rendered":"http:\/\/www.reitanlage-oeberau.de\/reitstall\/wordpress\/?page_id=50"},"modified":"2011-09-29T21:06:36","modified_gmt":"2011-09-29T21:06:36","slug":"fohlen-2008","status":"publish","type":"page","link":"http:\/\/www.reitanlage-oeberau.de\/?page_id=50","title":{"rendered":"Fohlen 2008"},"content":{"rendered":"<p><strong>Emilia Romagna<\/strong><br \/>\n<a title=\"F\u00fcrst\" href=\"http:\/\/www.paardenfokken.nl\/pedigree.php?horseid=522390\">F\u00dcRST SCHEURENHOF<\/a> x EVITA PERON (<a href=\"http:\/\/www.paardenfokken.nl\/pedigree.php?horseid=272689\">EXPERTE<\/a> x <a href=\"http:\/\/www.paardenfokken.nl\/pedigree.php?horseid=17954\">TIRO<\/a>)<\/p>\n<p><a href=\"http:\/\/www.reitanlage-oeberau.de\/reitstall\/wordpress\/wp-content\/uploads\/2011\/09\/Emila.jpg\"><img loading=\"lazy\" class=\"size-medium wp-image-112 alignleft colorbox-50\" title=\"Emila Romagna\" src=\"http:\/\/www.reitanlage-oeberau.de\/reitstall\/wordpress\/wp-content\/uploads\/2011\/09\/Emila-300x199.jpg\" alt=\"\" width=\"300\" height=\"199\" srcset=\"http:\/\/www.reitanlage-oeberau.de\/reitstall\/wordpress\/wp-content\/uploads\/2011\/09\/Emila-300x199.jpg 300w, http:\/\/www.reitanlage-oeberau.de\/reitstall\/wordpress\/wp-content\/uploads\/2011\/09\/Emila.jpg 800w\" sizes=\"(max-width: 300px) 100vw, 300px\" \/><\/a><\/p>\n\n<div class='gallery'><dl class='gallery-item'>\n\t\t\t<dt class='gallery-icon landscape'>\n\t\t\t\t<a href='http:\/\/www.reitanlage-oeberau.de\/reitstall\/wordpress\/wp-content\/uploads\/2011\/09\/neu1jpg.jpg'><img width=\"150\" height=\"150\" src=\"http:\/\/www.reitanlage-oeberau.de\/reitstall\/wordpress\/wp-content\/uploads\/2011\/09\/neu1jpg-150x150.jpg\" class=\"attachment-thumbnail size-thumbnail colorbox-50 \" alt=\"\" loading=\"lazy\" \/><\/a>\n\t\t\t<\/dt><\/dl><dl class='gallery-item'>\n\t\t\t<dt class='gallery-icon landscape'>\n\t\t\t\t<a href='http:\/\/www.reitanlage-oeberau.de\/reitstall\/wordpress\/wp-content\/uploads\/2011\/09\/2.0k.jpeg'><img width=\"150\" height=\"150\" src=\"http:\/\/www.reitanlage-oeberau.de\/reitstall\/wordpress\/wp-content\/uploads\/2011\/09\/2.0k-150x150.jpg\" class=\"attachment-thumbnail size-thumbnail colorbox-50 \" alt=\"\" loading=\"lazy\" \/><\/a>\n\t\t\t<\/dt><\/dl><dl class='gallery-item'>\n\t\t\t<dt class='gallery-icon landscape'>\n\t\t\t\t<a href='http:\/\/www.reitanlage-oeberau.de\/reitstall\/wordpress\/wp-content\/uploads\/2011\/09\/1.9k.jpeg'><img width=\"150\" height=\"150\" src=\"http:\/\/www.reitanlage-oeberau.de\/reitstall\/wordpress\/wp-content\/uploads\/2011\/09\/1.9k-150x150.jpg\" class=\"attachment-thumbnail size-thumbnail colorbox-50 \" alt=\"\" loading=\"lazy\" \/><\/a>\n\t\t\t<\/dt><\/dl><br style=\"clear: both\" \/>\n\t\t<\/div>\n\n<p><strong>\u00d6berau`s Golden Joy<\/strong><br \/>\n<a href=\"http:\/\/www.reitanlage-oeberau.de\/?page_id=40\">POLHAAR`S GOLDEN GLORY<\/a> x STRATHIES WIOLA<br \/>\nJoy war Rassesieger auf der Ponyschau in Straubing und erhielt beim Fohlenbrennen die Traumnoten: Typ 9,5, Geb\u00e4ude 9,0, Fundament und Korrektheit 7,5, Bewegungsablauf 8,5. Wir w\u00fcnschen seiner neuen Besitzerin Kathrin N\u00f6hbauer viel Gl\u00fcck und Freude mit diesem tollen Kerl.<\/p>\n","protected":false},"excerpt":{"rendered":"<p>Emilia Romagna F\u00dcRST SCHEURENHOF x EVITA PERON (EXPERTE x TIRO) \u00d6berau`s Golden Joy POLHAAR`S GOLDEN GLORY x STRATHIES WIOLA Joy war Rassesieger auf der Ponyschau in Straubing und erhielt beim Fohlenbrennen die Traumnoten: Typ 9,5, Geb\u00e4ude 9,0, Fundament und Korrektheit &hellip; <a href=\"http:\/\/www.reitanlage-oeberau.de\/?page_id=50\">Lesen Sie mehr&#8230;&#8230;<span class=\"meta-nav\">&rarr;<\/span><\/a><\/p>\n","protected":false},"author":1,"featured_media":0,"parent":40,"menu_order":0,"comment_status":"open","ping_status":"open","template":"","meta":[],"_links":{"self":[{"href":"http:\/\/www.reitanlage-oeberau.de\/index.php?rest_route=\/wp\/v2\/pages\/50"}],"collection":[{"href":"http:\/\/www.reitanlage-oeberau.de\/index.php?rest_route=\/wp\/v2\/pages"}],"about":[{"href":"http:\/\/www.reitanlage-oeberau.de\/index.php?rest_route=\/wp\/v2\/types\/page"}],"author":[{"embeddable":true,"href":"http:\/\/www.reitanlage-oeberau.de\/index.php?rest_route=\/wp\/v2\/users\/1"}],"replies":[{"embeddable":true,"href":"http:\/\/www.reitanlage-oeberau.de\/index.php?rest_route=%2Fwp%2Fv2%2Fcomments&post=50"}],"version-history":[{"count":11,"href":"http:\/\/www.reitanlage-oeberau.de\/index.php?rest_route=\/wp\/v2\/pages\/50\/revisions"}],"predecessor-version":[{"id":400,"href":"http:\/\/www.reitanlage-oeberau.de\/index.php?rest_route=\/wp\/v2\/pages\/50\/revisions\/400"}],"up":[{"embeddable":true,"href":"http:\/\/www.reitanlage-oeberau.de\/index.php?rest_route=\/wp\/v2\/pages\/40"}],"wp:attachment":[{"href":"http:\/\/www.reitanlage-oeberau.de\/index.php?rest_route=%2Fwp%2Fv2%2Fmedia&parent=50"}],"curies":[{"name":"wp","href":"https:\/\/api.w.org\/{rel}","templated":true}]}}