{"id":54,"date":"2011-09-16T12:25:02","date_gmt":"2011-09-16T12:25:02","guid":{"rendered":"http:\/\/www.reitanlage-oeberau.de\/reitstall\/wordpress\/?page_id=54"},"modified":"2011-09-29T14:29:10","modified_gmt":"2011-09-29T14:29:10","slug":"fohlen-2009","status":"publish","type":"page","link":"http:\/\/www.reitanlage-oeberau.de\/?page_id=54","title":{"rendered":"Fohlen 2009"},"content":{"rendered":"<p style=\"text-align: center;\"><strong>Florimond<\/strong><br \/>\n<a href=\"http:\/\/www.reitanlage-oeberau.de\/reitstall\/wordpress\/wp-content\/uploads\/2011\/09\/CIMG1089.jpg\"><img loading=\"lazy\" class=\"alignnone size-medium wp-image-193 colorbox-54\" title=\"CIMG1089\" src=\"http:\/\/www.reitanlage-oeberau.de\/reitstall\/wordpress\/wp-content\/uploads\/2011\/09\/CIMG1089-225x300.jpg\" alt=\"\" width=\"225\" height=\"300\" srcset=\"http:\/\/www.reitanlage-oeberau.de\/reitstall\/wordpress\/wp-content\/uploads\/2011\/09\/CIMG1089-225x300.jpg 225w, http:\/\/www.reitanlage-oeberau.de\/reitstall\/wordpress\/wp-content\/uploads\/2011\/09\/CIMG1089.jpg 600w\" sizes=\"(max-width: 225px) 100vw, 225px\" \/><\/a><br \/>\n<a title=\"F\u00fcrst\" href=\"http:\/\/www.paardenfokken.nl\/pedigree.php?horseid=522390\">F\u00dcRST SCHEURENHOF<\/a> x EVITA PERON (<a href=\"http:\/\/www.paardenfokken.nl\/pedigree.php?horseid=272689\">EXPERTE<\/a> x <a href=\"http:\/\/www.paardenfokken.nl\/pedigree.php?horseid=17954\">TIRO<\/a>)<\/p>\n<p>&nbsp;<\/p>\n<p style=\"text-align: center;\"><strong>\u00d6berau`s Rubinio<\/strong><br \/>\n<a href=\"http:\/\/www.reitanlage-oeberau.de\/reitstall\/wordpress\/wp-content\/uploads\/2011\/09\/0156k-Kopie2.jpg\"><img loading=\"lazy\" class=\"alignnone size-medium wp-image-194 colorbox-54\" title=\"0156k Kopie2\" src=\"http:\/\/www.reitanlage-oeberau.de\/reitstall\/wordpress\/wp-content\/uploads\/2011\/09\/0156k-Kopie2-300x177.jpg\" alt=\"\" width=\"300\" height=\"177\" srcset=\"http:\/\/www.reitanlage-oeberau.de\/reitstall\/wordpress\/wp-content\/uploads\/2011\/09\/0156k-Kopie2-300x177.jpg 300w, http:\/\/www.reitanlage-oeberau.de\/reitstall\/wordpress\/wp-content\/uploads\/2011\/09\/0156k-Kopie2.jpg 800w\" sizes=\"(max-width: 300px) 100vw, 300px\" \/><\/a><br \/>\n<a title=\"Zucht\" href=\"http:\/\/www.reitanlage-oeberau.de\/?page_id=40\">\u00d6BERAU`S SHAMROCK<\/a> x <a href=\"http:\/\/bekas-tierfreund.de\/UnsereTiere\/WelshB.htm\">BEKA`S RUBIN<\/a><\/p>\n","protected":false},"excerpt":{"rendered":"<p>Florimond F\u00dcRST SCHEURENHOF x EVITA PERON (EXPERTE x TIRO) &nbsp; \u00d6berau`s Rubinio \u00d6BERAU`S SHAMROCK x BEKA`S RUBIN<\/p>\n","protected":false},"author":1,"featured_media":0,"parent":40,"menu_order":0,"comment_status":"open","ping_status":"closed","template":"","meta":[],"_links":{"self":[{"href":"http:\/\/www.reitanlage-oeberau.de\/index.php?rest_route=\/wp\/v2\/pages\/54"}],"collection":[{"href":"http:\/\/www.reitanlage-oeberau.de\/index.php?rest_route=\/wp\/v2\/pages"}],"about":[{"href":"http:\/\/www.reitanlage-oeberau.de\/index.php?rest_route=\/wp\/v2\/types\/page"}],"author":[{"embeddable":true,"href":"http:\/\/www.reitanlage-oeberau.de\/index.php?rest_route=\/wp\/v2\/users\/1"}],"replies":[{"embeddable":true,"href":"http:\/\/www.reitanlage-oeberau.de\/index.php?rest_route=%2Fwp%2Fv2%2Fcomments&post=54"}],"version-history":[{"count":11,"href":"http:\/\/www.reitanlage-oeberau.de\/index.php?rest_route=\/wp\/v2\/pages\/54\/revisions"}],"predecessor-version":[{"id":372,"href":"http:\/\/www.reitanlage-oeberau.de\/index.php?rest_route=\/wp\/v2\/pages\/54\/revisions\/372"}],"up":[{"embeddable":true,"href":"http:\/\/www.reitanlage-oeberau.de\/index.php?rest_route=\/wp\/v2\/pages\/40"}],"wp:attachment":[{"href":"http:\/\/www.reitanlage-oeberau.de\/index.php?rest_route=%2Fwp%2Fv2%2Fmedia&parent=54"}],"curies":[{"name":"wp","href":"https:\/\/api.w.org\/{rel}","templated":true}]}}