{"id":692,"date":"2021-04-08T16:09:40","date_gmt":"2021-04-08T16:09:40","guid":{"rendered":"http:\/\/www.reitanlage-oeberau.de\/?page_id=692"},"modified":"2021-04-08T16:15:40","modified_gmt":"2021-04-08T16:15:40","slug":"reitpony-deckhengst-oeberaus-rubinio","status":"publish","type":"page","link":"http:\/\/www.reitanlage-oeberau.de\/?page_id=692","title":{"rendered":"Reitpony Deckhengst \u00d6berau`s Rubinio"},"content":{"rendered":"\n<p>Unser Rubinio ist das Ergebnis aus \u00fcber 25 Jahren Zuchterfahrung. Die Mutter \u00d6berau&#8217;s Shamrock (28jahre) MV:Hewid Lyn ist bereits bei uns geboren und durch seinen Vater Beka`s Rubin ist er Halbbruder zum bis Dressurpr\u00fcfung S erfolgreichen &#8222;Beka&#8217;s Ramazotti&#8220;. <br><br>Das bayerische Zuchtmagazin des Landesverbandes Bayrischer Pferdez\u00fcchter e.V. schrieb \u00fcber ihn: \u201eDen dritten Platz belegte mit 8,0 der Deutsche Reitponyhengst \u00d6berau`s Rubinio v. Beka`s Rubin \/ Hewid Lyn, gezogen und im Besitz von Angelika Emmerdinger aus Straubing. Der Hengst wusste nicht nur mit seiner absolut postiven Arbeitseinstellung, sondern insbesondere mit seiner herrausragenden Springanlage beim Freispringen, im Parcours und im Gel\u00e4nde zu \u00fcberzeugen. Sechmal die 9,0 und im Freispringen sogar 9,5 waren der Lohn in diesen Teilbereichen der Pr\u00fcfung.\u201c <br><br>Unser \u00d6berau&#8217;s Rubinio (142) ist ein Pony, das man sich nicht besser w\u00fcnschen k\u00f6nnte. Mit Ihm kann man am langen Z\u00fcgel ohne Sattel durchs Gel\u00e4nde streifen und am Wochenende mal eben zu einem Trainer C Lehrgang fahren. Seine Leistungsbereitschaft und sein scheinbar grenzenloses Potenzial f\u00fcr alle Sparten machen es einem Reiter einfach m\u00f6glich.<\/p>\n\n\n\n<p><\/p>\n\n\n\n<p><em><strong>Deckbedingungen:<\/strong><\/em><br><br><em>Er deckt im Natursprung<\/em><br><em>Es ist eine aktuelle Tupferprobe f\u00fcr alle Stuten erforderlich.<br>(Ausnahme: Stuten mit Fohlen bei Fu\u00df<\/em>)<br><em>Der Hengsthalter \u00fcbernimmt keine Haftung f\u00fcr Sch\u00e4den an der Stute oder dem Fohlen. Der Stutenbesitzer sichert zu, dass f\u00fcr die Stute eine Haftpflichtversicherung besteht.<\/em><\/p>\n\n\n\n<p><\/p>\n","protected":false},"excerpt":{"rendered":"<p>Unser Rubinio ist das Ergebnis aus \u00fcber 25 Jahren Zuchterfahrung. Die Mutter \u00d6berau&#8217;s Shamrock (28jahre) MV:Hewid Lyn ist bereits bei uns geboren und durch seinen Vater Beka`s Rubin ist er Halbbruder zum bis Dressurpr\u00fcfung S erfolgreichen &#8222;Beka&#8217;s Ramazotti&#8220;. Das bayerische &hellip; <a href=\"http:\/\/www.reitanlage-oeberau.de\/?page_id=692\">Lesen Sie mehr&#8230;&#8230;<span class=\"meta-nav\">&rarr;<\/span><\/a><\/p>\n","protected":false},"author":1,"featured_media":697,"parent":40,"menu_order":0,"comment_status":"closed","ping_status":"closed","template":"","meta":[],"_links":{"self":[{"href":"http:\/\/www.reitanlage-oeberau.de\/index.php?rest_route=\/wp\/v2\/pages\/692"}],"collection":[{"href":"http:\/\/www.reitanlage-oeberau.de\/index.php?rest_route=\/wp\/v2\/pages"}],"about":[{"href":"http:\/\/www.reitanlage-oeberau.de\/index.php?rest_route=\/wp\/v2\/types\/page"}],"author":[{"embeddable":true,"href":"http:\/\/www.reitanlage-oeberau.de\/index.php?rest_route=\/wp\/v2\/users\/1"}],"replies":[{"embeddable":true,"href":"http:\/\/www.reitanlage-oeberau.de\/index.php?rest_route=%2Fwp%2Fv2%2Fcomments&post=692"}],"version-history":[{"count":5,"href":"http:\/\/www.reitanlage-oeberau.de\/index.php?rest_route=\/wp\/v2\/pages\/692\/revisions"}],"predecessor-version":[{"id":699,"href":"http:\/\/www.reitanlage-oeberau.de\/index.php?rest_route=\/wp\/v2\/pages\/692\/revisions\/699"}],"up":[{"embeddable":true,"href":"http:\/\/www.reitanlage-oeberau.de\/index.php?rest_route=\/wp\/v2\/pages\/40"}],"wp:featuredmedia":[{"embeddable":true,"href":"http:\/\/www.reitanlage-oeberau.de\/index.php?rest_route=\/wp\/v2\/media\/697"}],"wp:attachment":[{"href":"http:\/\/www.reitanlage-oeberau.de\/index.php?rest_route=%2Fwp%2Fv2%2Fmedia&parent=692"}],"curies":[{"name":"wp","href":"https:\/\/api.w.org\/{rel}","templated":true}]}}